{"id":147,"date":"2018-07-19T10:19:33","date_gmt":"2018-07-19T10:19:33","guid":{"rendered":"https:\/\/themes.getmotopress.com\/aquentro\/accommodations\/"},"modified":"2022-08-19T11:07:16","modified_gmt":"2022-08-19T11:07:16","slug":"aloha-alicante-alojamientos","status":"publish","type":"page","link":"https:\/\/dev.alohaalicante.es\/?page_id=147","title":{"rendered":"Alohamientos Aloha Alicante"},"content":{"rendered":"\t\t<div data-elementor-type=\"wp-page\" data-elementor-id=\"147\" class=\"elementor elementor-147\">\n\t\t\t\t\t\t\t<div class=\"elementor-element elementor-element-6d051ca e-container--column e-container\" data-id=\"6d051ca\" data-element_type=\"container\">\t\t\t\t<div class=\"elementor-element elementor-element-ebad734 elementor-widget elementor-widget-text-editor\" data-id=\"ebad734\" data-element_type=\"widget\" data-widget_type=\"text-editor.default\">\n\t\t\t\t<div class=\"elementor-widget-container\">\n\t\t\t<style>\/*! elementor - v3.7.4 - 31-08-2022 *\/\n.elementor-widget-text-editor.elementor-drop-cap-view-stacked .elementor-drop-cap{background-color:#818a91;color:#fff}.elementor-widget-text-editor.elementor-drop-cap-view-framed .elementor-drop-cap{color:#818a91;border:3px solid;background-color:transparent}.elementor-widget-text-editor:not(.elementor-drop-cap-view-default) .elementor-drop-cap{margin-top:8px}.elementor-widget-text-editor:not(.elementor-drop-cap-view-default) .elementor-drop-cap-letter{width:1em;height:1em}.elementor-widget-text-editor .elementor-drop-cap{float:left;text-align:center;line-height:1;font-size:50px}.elementor-widget-text-editor .elementor-drop-cap-letter{display:inline-block}<\/style>\t\t\t\t<p>Los <strong>apartamentos y estudios Aloha Alicante<\/strong> est\u00e1n pensados para que tu estancia en la ciudad sea lo m\u00e1s c\u00f3moda posible.\u00a0<\/p>\n<p><span style=\"color: var( --e-global-color-text ); font-family: var( --e-global-typography-text-font-family ), Sans-serif; font-weight: var( --e-global-typography-text-font-weight ); text-align: var(--text-align); font-size: 1rem;\">Buscando un enfoque pr\u00e1ctico, nuestros <strong>alojamientos<\/strong> cuentan con un equipamiento completo que facilita tu experiencia. Su distribuci\u00f3n funcional te permite ahorrar tiempo: \u00a1est\u00e1s aqu\u00ed para disfrutar!<\/span><\/p>\t\t\t\t\t\t<\/div>\n\t\t\t\t<\/div>\n\t\t<\/div><div class=\"elementor-element elementor-element-9baf4a5 e-container--column e-container\" data-id=\"9baf4a5\" data-element_type=\"container\">\t\t\t\t<div class=\"elementor-element elementor-element-239fa1e elementor-widget elementor-widget-heading\" data-id=\"239fa1e\" data-element_type=\"widget\" data-widget_type=\"heading.default\">\n\t\t\t\t<div class=\"elementor-widget-container\">\n\t\t\t<style>\/*! elementor - v3.7.4 - 31-08-2022 *\/\n.elementor-heading-title{padding:0;margin:0;line-height:1}.elementor-widget-heading .elementor-heading-title[class*=elementor-size-]>a{color:inherit;font-size:inherit;line-height:inherit}.elementor-widget-heading .elementor-heading-title.elementor-size-small{font-size:15px}.elementor-widget-heading .elementor-heading-title.elementor-size-medium{font-size:19px}.elementor-widget-heading .elementor-heading-title.elementor-size-large{font-size:29px}.elementor-widget-heading .elementor-heading-title.elementor-size-xl{font-size:39px}.elementor-widget-heading .elementor-heading-title.elementor-size-xxl{font-size:59px}<\/style><h2 class=\"elementor-heading-title elementor-size-default\">Alojamientos vacacionales para todos los gustos<\/h2>\t\t<\/div>\n\t\t\t\t<\/div>\n\t\t<\/div><div class=\"elementor-element elementor-element-7eb7a71 e-container--column e-container\" data-id=\"7eb7a71\" data-element_type=\"container\">\t\t\t\t<div class=\"elementor-element elementor-element-e2f05d6 elementor-widget elementor-widget-text-editor\" data-id=\"e2f05d6\" data-element_type=\"widget\" data-widget_type=\"text-editor.default\">\n\t\t\t\t<div class=\"elementor-widget-container\">\n\t\t\t\t\t\t\t<p>Desde <strong>Aloha Alicante<\/strong> no podemos garantizarte la perfecci\u00f3n, pero s\u00ed la excelencia en nuestro trato y la atenci\u00f3n al detalle. Nosotros tambi\u00e9n hemos sido <strong>hu\u00e9spedes<\/strong>, por lo que entendemos qu\u00e9 es lo que esperas de tu <strong>alquiler vacacional<\/strong>.<\/p>\n<p>Por eso, queremos ofrecerte diferentes <strong>alternativas de alojamiento<\/strong>; te resultar\u00e1 m\u00e1s f\u00e1cil elegir la que sabes que es para ti.<\/p>\t\t\t\t\t\t<\/div>\n\t\t\t\t<\/div>\n\t\t<\/div><div class=\"elementor-element elementor-element-d8fce99 e-container--column e-container\" data-id=\"d8fce99\" data-element_type=\"container\">\t\t\t\t<div class=\"elementor-element elementor-element-875b55f elementor-widget elementor-widget-heading\" data-id=\"875b55f\" data-element_type=\"widget\" data-widget_type=\"heading.default\">\n\t\t\t\t<div class=\"elementor-widget-container\">\n\t\t\t<h2 class=\"elementor-heading-title elementor-size-default\">Descubre la oferta Aloha<\/h2>\t\t<\/div>\n\t\t\t\t<\/div>\n\t\t\t\t<div class=\"elementor-element elementor-element-aquentro-carousel elementor-widget elementor-widget-aquentro-carousel\" data-id=\"aquentro-carousel\" data-element_type=\"widget\" data-widget_type=\"aquentro-carousel.default\">\n\t\t\t\t<div class=\"elementor-widget-container\">\n\t\t\t            <div class=\"aquentro-slider-wrapper\">\r\n                <div class=\"slider-counter\">\r\n                    <span class=\"current\">01<\/span>\r\n                    <span class=\"total\">\/01<\/span>\r\n                <\/div>\r\n                <div class=\"aquentro-slider\">\r\n                                            <div class=\"carousel-item\">\r\n                            <div class=\"slide-thumbnail\">\r\n                                <img loading=\"lazy\" decoding=\"async\" width=\"840\" height=\"518\" src=\"https:\/\/dev.alohaalicante.es\/wp-content\/uploads\/2022\/08\/Aloha_piso-amarillo-2-840x518.jpeg\" class=\"attachment-post-thumbnail size-post-thumbnail\" alt=\"\" srcset=\"https:\/\/dev.alohaalicante.es\/wp-content\/uploads\/2022\/08\/Aloha_piso-amarillo-2-840x518.jpeg 840w, https:\/\/dev.alohaalicante.es\/wp-content\/uploads\/2022\/08\/Aloha_piso-amarillo-2-300x185.jpeg 300w, https:\/\/dev.alohaalicante.es\/wp-content\/uploads\/2022\/08\/Aloha_piso-amarillo-2-768x474.jpeg 768w, https:\/\/dev.alohaalicante.es\/wp-content\/uploads\/2022\/08\/Aloha_piso-amarillo-2.jpeg 1024w\" sizes=\"auto, (max-width: 840px) 100vw, 840px\" \/>                            <\/div>\r\n                            <div class=\"slide-wrapper\">\r\n                                <h2 class=\"slide-title\">\r\n                                <a href=\"https:\/\/dev.alohaalicante.es\/?page_id=584&#038;preview=true\">Aloha Mini<\/a>                                <\/h2>\r\n                                <div class=\"slide-content\">\r\n                                Peque\u00f1os apartamentos y estudios para una escapada de fin de semana o estancias cortas. \u00a1Perfectos para los m\u00e1s din\u00e1micos!<a href=\"https:\/\/dev.alohaalicante.es\/?page_id=584&#038;preview=true\"  class=\"more-link\">Descubre<\/a>                                <\/div>\r\n\r\n                            <\/div>\r\n                        <\/div>\r\n                                                <div class=\"carousel-item\">\r\n                            <div class=\"slide-thumbnail\">\r\n                                <img loading=\"lazy\" decoding=\"async\" width=\"840\" height=\"560\" src=\"https:\/\/dev.alohaalicante.es\/wp-content\/uploads\/2022\/08\/Akra_salon-840x560.jpeg\" class=\"attachment-post-thumbnail size-post-thumbnail\" alt=\"\" srcset=\"https:\/\/dev.alohaalicante.es\/wp-content\/uploads\/2022\/08\/Akra_salon-840x560.jpeg 840w, https:\/\/dev.alohaalicante.es\/wp-content\/uploads\/2022\/08\/Akra_salon-300x200.jpeg 300w, https:\/\/dev.alohaalicante.es\/wp-content\/uploads\/2022\/08\/Akra_salon-1024x683.jpeg 1024w, https:\/\/dev.alohaalicante.es\/wp-content\/uploads\/2022\/08\/Akra_salon-768x512.jpeg 768w, https:\/\/dev.alohaalicante.es\/wp-content\/uploads\/2022\/08\/Akra_salon.jpeg 1326w\" sizes=\"auto, (max-width: 840px) 100vw, 840px\" \/>                            <\/div>\r\n                            <div class=\"slide-wrapper\">\r\n                                <h2 class=\"slide-title\">\r\n                                <a href=\"https:\/\/dev.alohaalicante.es\/?page_id=586&#038;preview=true\">Aloha Select<\/a>                                <\/h2>\r\n                                <div class=\"slide-content\">\r\n                                La soluci\u00f3n perfecta para las vacaciones en familia. Pensados para hu\u00e9spedes que no renuncian a la comida del domingo en casa.<a href=\"https:\/\/dev.alohaalicante.es\/?page_id=586&#038;preview=true\"  class=\"more-link\">Descubre<\/a>                                <\/div>\r\n\r\n                            <\/div>\r\n                        <\/div>\r\n                                                <div class=\"carousel-item\">\r\n                            <div class=\"slide-thumbnail\">\r\n                                <img loading=\"lazy\" decoding=\"async\" width=\"840\" height=\"569\" src=\"https:\/\/dev.alohaalicante.es\/wp-content\/uploads\/2018\/07\/gallery_image_05-840x569.jpg\" class=\"attachment-post-thumbnail size-post-thumbnail\" alt=\"\" srcset=\"https:\/\/dev.alohaalicante.es\/wp-content\/uploads\/2018\/07\/gallery_image_05-840x569.jpg 840w, https:\/\/dev.alohaalicante.es\/wp-content\/uploads\/2018\/07\/gallery_image_05-300x203.jpg 300w, https:\/\/dev.alohaalicante.es\/wp-content\/uploads\/2018\/07\/gallery_image_05-1024x694.jpg 1024w, https:\/\/dev.alohaalicante.es\/wp-content\/uploads\/2018\/07\/gallery_image_05-768x520.jpg 768w, https:\/\/dev.alohaalicante.es\/wp-content\/uploads\/2018\/07\/gallery_image_05-1536x1040.jpg 1536w, https:\/\/dev.alohaalicante.es\/wp-content\/uploads\/2018\/07\/gallery_image_05-2048x1387.jpg 2048w\" sizes=\"auto, (max-width: 840px) 100vw, 840px\" \/>                            <\/div>\r\n                            <div class=\"slide-wrapper\">\r\n                                <h2 class=\"slide-title\">\r\n                                <a href=\"https:\/\/dev.alohaalicante.es\/?page_id=588&#038;preview=true\">Aloha Elite<\/a>                                <\/h2>\r\n                                <div class=\"slide-content\">\r\n                                Para los hu\u00e9spedes m\u00e1s exigentes. Perfectos para unas vacaciones diferentes, ideales para una experiencia \u00fanica.<a href=\"https:\/\/dev.alohaalicante.es\/?page_id=588&#038;preview=true\"  class=\"more-link\">Descubre<\/a>                                <\/div>\r\n\r\n                            <\/div>\r\n                        <\/div>\r\n                                        <\/div>\r\n            <\/div>\r\n            \t\t<\/div>\n\t\t\t\t<\/div>\n\t\t<\/div><div class=\"elementor-element elementor-element-858fa0c e-container--column e-container\" data-id=\"858fa0c\" data-element_type=\"container\">\t\t\t\t<div class=\"elementor-element elementor-element-463065f elementor-widget elementor-widget-spacer\" data-id=\"463065f\" data-element_type=\"widget\" data-widget_type=\"spacer.default\">\n\t\t\t\t<div class=\"elementor-widget-container\">\n\t\t\t<style>\/*! elementor - v3.7.4 - 31-08-2022 *\/\n.elementor-column .elementor-spacer-inner{height:var(--spacer-size)}.e-container{--container-widget-width:100%}.e-container>.elementor-widget-spacer{width:var(--container-widget-width,var(--spacer-size));-ms-flex-item-align:stretch;align-self:stretch;-ms-flex-negative:0;flex-shrink:0}.e-container>.elementor-widget-spacer>.elementor-widget-container,.e-container>.elementor-widget-spacer>.elementor-widget-container>.elementor-spacer{height:100%}.e-container>.elementor-widget-spacer>.elementor-widget-container>.elementor-spacer>.elementor-spacer-inner{height:var(--container-widget-height,var(--spacer-size))}<\/style>\t\t<div class=\"elementor-spacer\">\n\t\t\t<div class=\"elementor-spacer-inner\"><\/div>\n\t\t<\/div>\n\t\t\t\t<\/div>\n\t\t\t\t<\/div>\n\t\t\t\t<div class=\"elementor-element elementor-element-8a0b3d8 elementor-widget elementor-widget-heading\" data-id=\"8a0b3d8\" data-element_type=\"widget\" data-widget_type=\"heading.default\">\n\t\t\t\t<div class=\"elementor-widget-container\">\n\t\t\t<h2 class=\"elementor-heading-title elementor-size-default\">Alquileres vacacionales en lugares emblem\u00e1ticos de Alicante<\/h2>\t\t<\/div>\n\t\t\t\t<\/div>\n\t\t<\/div><div class=\"elementor-element elementor-element-d44e30e e-container--column e-container\" data-id=\"d44e30e\" data-element_type=\"container\">\t\t\t\t<div class=\"elementor-element elementor-element-4b4b2a0 elementor-widget elementor-widget-text-editor\" data-id=\"4b4b2a0\" data-element_type=\"widget\" data-widget_type=\"text-editor.default\">\n\t\t\t\t<div class=\"elementor-widget-container\">\n\t\t\t\t\t\t\t<p>Ubicados en diferentes localidades de la <strong>Costa Blanca<\/strong>, cada uno de los <strong>alquileres vacacionales Aloha<\/strong> cuenta con sus propias caracter\u00edsticas y detalles que facilitan tanto el acceso a tu alojamiento como la movilidad entre las <strong>ciudades y pueblos<\/strong> de la <strong>provincia de Alicante<\/strong>.\u00a0<\/p>\t\t\t\t\t\t<\/div>\n\t\t\t\t<\/div>\n\t\t\t\t<div class=\"elementor-element elementor-element-3253584 elementor-widget elementor-widget-heading\" data-id=\"3253584\" data-element_type=\"widget\" data-widget_type=\"heading.default\">\n\t\t\t\t<div class=\"elementor-widget-container\">\n\t\t\t<h3 class=\"elementor-heading-title elementor-size-default\">Haz planes en tus vacaciones<\/h3>\t\t<\/div>\n\t\t\t\t<\/div>\n\t\t\t\t<div class=\"elementor-element elementor-element-5539125 elementor-widget elementor-widget-text-editor\" data-id=\"5539125\" data-element_type=\"widget\" data-widget_type=\"text-editor.default\">\n\t\t\t\t<div class=\"elementor-widget-container\">\n\t\t\t\t\t\t\t<p>Conoce <strong>Alicante y sus alrededores<\/strong> aloj\u00e1ndote en pleno coraz\u00f3n de la ciudad o, tambi\u00e9n, en alguno de nuestros <strong>apartamentos<\/strong> disponibles en las proximidades de la <strong>Playa de la Albufereta<\/strong>.\u00a0<\/p>\n<p>Elige nuestros alquileres disponibles en <strong>primera l\u00ednea de playa<\/strong>, para que pisar la arena sea tu primera salida cada ma\u00f1ana.\u00a0<\/p>\n<p>Apuesta por los <strong>deportes acu\u00e1ticos<\/strong>. P\u00e1del-surf, remo o snorkel son solo algunos de los que podr\u00e1s disfrutar durante tu estancia con <strong>Aloha Alquileres Vacacionales<\/strong>.<\/p>\t\t\t\t\t\t<\/div>\n\t\t\t\t<\/div>\n\t\t\t\t<div class=\"elementor-element elementor-element-4a0f942 elementor-widget elementor-widget-heading\" data-id=\"4a0f942\" data-element_type=\"widget\" data-widget_type=\"heading.default\">\n\t\t\t\t<div class=\"elementor-widget-container\">\n\t\t\t<h3 class=\"elementor-heading-title elementor-size-default\">Mu\u00e9vete por Alicante<\/h3>\t\t<\/div>\n\t\t\t\t<\/div>\n\t\t\t\t<div class=\"elementor-element elementor-element-21ffd19 elementor-widget elementor-widget-text-editor\" data-id=\"21ffd19\" data-element_type=\"widget\" data-widget_type=\"text-editor.default\">\n\t\t\t\t<div class=\"elementor-widget-container\">\n\t\t\t\t\t\t\t<p>Descubre el interior de la <strong>provincia de Alicante<\/strong>, si lo que prefieres es conocer pueblos con mucho encanto. Desde tu <strong>apartamento Aloha<\/strong>, llegar a ese lugar de ensue\u00f1o ser\u00e1 cuesti\u00f3n de unos minutos.<\/p>\n<p>Y, por supuesto, disfruta de la gastronom\u00eda t\u00edpica de nuestra zona.\u00a0<\/p>\t\t\t\t\t\t<\/div>\n\t\t\t\t<\/div>\n\t\t<\/div>\t\t\t\t\t<\/div>\n\t\t","protected":false},"excerpt":{"rendered":"<p>Los apartamentos y estudios Aloha Alicante est\u00e1n pensados para que tu estancia en la ciudad sea lo m\u00e1s c\u00f3moda posible.\u00a0 Buscando un enfoque pr\u00e1ctico, nuestros alojamientos cuentan con un equipamiento completo que facilita tu experiencia. Su distribuci\u00f3n funcional te permite ahorrar tiempo: \u00a1est\u00e1s aqu\u00ed para disfrutar! Alojamientos vacacionales para todos los gustos Desde Aloha Alicante &hellip; <a href=\"https:\/\/dev.alohaalicante.es\/?page_id=147\" class=\"more-link\">Continue reading<span class=\"screen-reader-text\"> &#8220;Alohamientos Aloha Alicante&#8221;<\/span><\/a><\/p>\n","protected":false},"author":1,"featured_media":0,"parent":0,"menu_order":0,"comment_status":"closed","ping_status":"closed","template":"template-full-width-page.php","meta":{"inline_featured_image":false,"footnotes":""},"class_list":["post-147","page","type-page","status-publish","hentry"],"aioseo_notices":[],"_links":{"self":[{"href":"https:\/\/dev.alohaalicante.es\/index.php?rest_route=\/wp\/v2\/pages\/147","targetHints":{"allow":["GET"]}}],"collection":[{"href":"https:\/\/dev.alohaalicante.es\/index.php?rest_route=\/wp\/v2\/pages"}],"about":[{"href":"https:\/\/dev.alohaalicante.es\/index.php?rest_route=\/wp\/v2\/types\/page"}],"author":[{"embeddable":true,"href":"https:\/\/dev.alohaalicante.es\/index.php?rest_route=\/wp\/v2\/users\/1"}],"replies":[{"embeddable":true,"href":"https:\/\/dev.alohaalicante.es\/index.php?rest_route=%2Fwp%2Fv2%2Fcomments&post=147"}],"version-history":[{"count":17,"href":"https:\/\/dev.alohaalicante.es\/index.php?rest_route=\/wp\/v2\/pages\/147\/revisions"}],"predecessor-version":[{"id":603,"href":"https:\/\/dev.alohaalicante.es\/index.php?rest_route=\/wp\/v2\/pages\/147\/revisions\/603"}],"wp:attachment":[{"href":"https:\/\/dev.alohaalicante.es\/index.php?rest_route=%2Fwp%2Fv2%2Fmedia&parent=147"}],"curies":[{"name":"wp","href":"https:\/\/api.w.org\/{rel}","templated":true}]}}