{"id":166,"date":"2018-07-19T12:25:18","date_gmt":"2018-07-19T12:25:18","guid":{"rendered":"https:\/\/themes.getmotopress.com\/aquentro\/?page_id=166"},"modified":"2022-08-31T10:24:48","modified_gmt":"2022-08-31T10:24:48","slug":"aloha-alicante","status":"publish","type":"page","link":"https:\/\/dev.alohaalicante.es\/?page_id=166","title":{"rendered":"Aloha Alicante"},"content":{"rendered":"\t\t<div data-elementor-type=\"wp-post\" data-elementor-id=\"166\" class=\"elementor elementor-166\">\n\t\t\t\t\t\t\t\t\t<section class=\"elementor-section elementor-top-section elementor-element elementor-element-3c6ee93 elementor-section-boxed elementor-section-height-default elementor-section-height-default\" data-id=\"3c6ee93\" data-element_type=\"section\">\n\t\t\t\t\t\t<div class=\"elementor-container elementor-column-gap-default\">\n\t\t\t\t\t<div class=\"elementor-column elementor-col-100 elementor-top-column elementor-element elementor-element-95100c7\" data-id=\"95100c7\" data-element_type=\"column\">\n\t\t\t<div class=\"elementor-widget-wrap elementor-element-populated\">\n\t\t\t\t\t\t\t\t<div class=\"elementor-element elementor-element-c07e383 elementor-widget elementor-widget-text-editor\" data-id=\"c07e383\" data-element_type=\"widget\" data-widget_type=\"text-editor.default\">\n\t\t\t\t<div class=\"elementor-widget-container\">\n\t\t\t<style>\/*! elementor - v3.7.4 - 31-08-2022 *\/\n.elementor-widget-text-editor.elementor-drop-cap-view-stacked .elementor-drop-cap{background-color:#818a91;color:#fff}.elementor-widget-text-editor.elementor-drop-cap-view-framed .elementor-drop-cap{color:#818a91;border:3px solid;background-color:transparent}.elementor-widget-text-editor:not(.elementor-drop-cap-view-default) .elementor-drop-cap{margin-top:8px}.elementor-widget-text-editor:not(.elementor-drop-cap-view-default) .elementor-drop-cap-letter{width:1em;height:1em}.elementor-widget-text-editor .elementor-drop-cap{float:left;text-align:center;line-height:1;font-size:50px}.elementor-widget-text-editor .elementor-drop-cap-letter{display:inline-block}<\/style>\t\t\t\t<p>Dar la bienvenida a cada visitante que visita nuestra ciudad, nuestra provincia, es el esp\u00edritu de <strong>Aloha Alicante<\/strong>.<\/p><p>Recogemos la <strong>tradici\u00f3n tur\u00edstica<\/strong> de nuestra provincia y la adaptamos a los nuevos tiempos, ofreciendo <strong>apartamentos vacacionales<\/strong> para que tus estancias la ciudad y alrededores sea casi, casi, como estar en casa.<\/p>\t\t\t\t\t\t<\/div>\n\t\t\t\t<\/div>\n\t\t\t\t<div class=\"elementor-element elementor-element-6c35f39 elementor-widget elementor-widget-text-editor\" data-id=\"6c35f39\" data-element_type=\"widget\" data-widget_type=\"text-editor.default\">\n\t\t\t\t<div class=\"elementor-widget-container\">\n\t\t\t\t\t\t\t<h2>Hemos nacido en &#8220;La Millor Terreta del M\u00f3n&#8221;<\/h2>\t\t\t\t\t\t<\/div>\n\t\t\t\t<\/div>\n\t\t\t\t<div class=\"elementor-element elementor-element-03f9a76 elementor-widget elementor-widget-text-editor\" data-id=\"03f9a76\" data-element_type=\"widget\" data-widget_type=\"text-editor.default\">\n\t\t\t\t<div class=\"elementor-widget-container\">\n\t\t\t\t\t\t\t<p>Una tierra con mucha historia, que acoge a quien pone sus pies en ella.\u00a0<\/p><p>Por <strong>Alicante<\/strong> pasan tanto hu\u00e9spedes ocasionales como de larga estancia. Todos coinciden en que la calidad de vida y la calidez de su gente son dos de los motivos que m\u00e1s aprecian de las <strong>ciudades de la Costa Blanca<\/strong>, y que convierten a la provincia en un destino tur\u00edstico de referencia.<\/p><p>Escuchando estas impresiones, <strong>Aloha Alicante<\/strong> ofrece, te ofrece, la oportunidad de pasar una estancia \u00fanica en uno de sus <strong>apartamentos vacacionales<\/strong>, disponibles en diferentes rincones de la provincia.<\/p>\t\t\t\t\t\t<\/div>\n\t\t\t\t<\/div>\n\t\t\t\t<div class=\"elementor-element elementor-element-90622b4 e-transform elementor-arrows-position-inside elementor-pagination-position-outside elementor-widget elementor-widget-image-carousel\" data-id=\"90622b4\" data-element_type=\"widget\" data-settings=\"{&quot;slides_to_show&quot;:&quot;1&quot;,&quot;_animation&quot;:&quot;none&quot;,&quot;_transform_rotateZ_effect&quot;:{&quot;unit&quot;:&quot;px&quot;,&quot;size&quot;:0,&quot;sizes&quot;:[]},&quot;navigation&quot;:&quot;both&quot;,&quot;autoplay&quot;:&quot;yes&quot;,&quot;pause_on_hover&quot;:&quot;yes&quot;,&quot;pause_on_interaction&quot;:&quot;yes&quot;,&quot;autoplay_speed&quot;:5000,&quot;infinite&quot;:&quot;yes&quot;,&quot;effect&quot;:&quot;slide&quot;,&quot;speed&quot;:500,&quot;_transform_rotateZ_effect_tablet&quot;:{&quot;unit&quot;:&quot;px&quot;,&quot;size&quot;:&quot;&quot;,&quot;sizes&quot;:[]},&quot;_transform_rotateZ_effect_mobile&quot;:{&quot;unit&quot;:&quot;px&quot;,&quot;size&quot;:&quot;&quot;,&quot;sizes&quot;:[]}}\" data-widget_type=\"image-carousel.default\">\n\t\t\t\t<div class=\"elementor-widget-container\">\n\t\t\t<style>\/*! elementor - v3.7.4 - 31-08-2022 *\/\n.elementor-widget-image-carousel .swiper-container{position:static}.elementor-widget-image-carousel .swiper-container .swiper-slide figure{line-height:inherit}.elementor-widget-image-carousel .swiper-slide{text-align:center}.elementor-image-carousel-wrapper:not(.swiper-container-initialized) .swiper-slide{max-width:calc(100% \/ var(--e-image-carousel-slides-to-show, 3))}<\/style>\t\t<div class=\"elementor-image-carousel-wrapper swiper-container\" dir=\"ltr\">\n\t\t\t<div class=\"elementor-image-carousel swiper-wrapper\">\n\t\t\t\t\t\t\t\t<div class=\"swiper-slide\"><figure class=\"swiper-slide-inner\"><img decoding=\"async\" class=\"swiper-slide-image\" src=\"https:\/\/dev.alohaalicante.es\/wp-content\/uploads\/2022\/08\/Shutterstock_1288958713-1-840x466.jpg\" alt=\"Shutterstock_1288958713 (1)\" \/><\/figure><\/div><div class=\"swiper-slide\"><figure class=\"swiper-slide-inner\"><img decoding=\"async\" class=\"swiper-slide-image\" src=\"https:\/\/dev.alohaalicante.es\/wp-content\/uploads\/2022\/08\/Diseno-sin-titulo-840x466.jpg\" alt=\"Dise\u00f1o sin t\u00edtulo\" \/><\/figure><\/div><div class=\"swiper-slide\"><figure class=\"swiper-slide-inner\"><img decoding=\"async\" class=\"swiper-slide-image\" src=\"https:\/\/dev.alohaalicante.es\/wp-content\/uploads\/2022\/08\/shutterstock_689853556-840x466.jpg\" alt=\"Santa,Barbara,Castle,In,Alicante,,Spain\" \/><\/figure><\/div><div class=\"swiper-slide\"><figure class=\"swiper-slide-inner\"><img decoding=\"async\" class=\"swiper-slide-image\" src=\"https:\/\/dev.alohaalicante.es\/wp-content\/uploads\/2022\/08\/shutterstock_1726744039-840x466.jpg\" alt=\"Vista panor\u00e1mica del castillo de Santa B\u00e1rbara en Alicante desde el espig\u00f3n de la playa de El Postiguet\" \/><\/figure><\/div><div class=\"swiper-slide\"><figure class=\"swiper-slide-inner\"><img decoding=\"async\" class=\"swiper-slide-image\" src=\"https:\/\/dev.alohaalicante.es\/wp-content\/uploads\/2022\/08\/shutterstock_2071864661-840x466.jpg\" alt=\"Panoramica Alicante\" \/><\/figure><\/div><div class=\"swiper-slide\"><figure class=\"swiper-slide-inner\"><img decoding=\"async\" class=\"swiper-slide-image\" src=\"https:\/\/dev.alohaalicante.es\/wp-content\/uploads\/2022\/08\/Atardecer-en-Alicante_Patryk-Kosmider-840x466.jpg\" alt=\"Sunset,In,Alicante\" \/><\/figure><\/div>\t\t\t<\/div>\n\t\t\t\t\t\t\t\t\t\t\t\t<div class=\"swiper-pagination\"><\/div>\n\t\t\t\t\t\t\t\t\t\t\t\t\t<div class=\"elementor-swiper-button elementor-swiper-button-prev\">\n\t\t\t\t\t\t<i aria-hidden=\"true\" class=\"eicon-chevron-left\"><\/i>\t\t\t\t\t\t<span class=\"elementor-screen-only\">Anterior<\/span>\n\t\t\t\t\t<\/div>\n\t\t\t\t\t<div class=\"elementor-swiper-button elementor-swiper-button-next\">\n\t\t\t\t\t\t<i aria-hidden=\"true\" class=\"eicon-chevron-right\"><\/i>\t\t\t\t\t\t<span class=\"elementor-screen-only\">Siguiente<\/span>\n\t\t\t\t\t<\/div>\n\t\t\t\t\t\t\t\t\t<\/div>\n\t\t\t\t<\/div>\n\t\t\t\t<\/div>\n\t\t\t\t<div class=\"elementor-element elementor-element-489b316 elementor-widget elementor-widget-text-editor\" data-id=\"489b316\" data-element_type=\"widget\" data-widget_type=\"text-editor.default\">\n\t\t\t\t<div class=\"elementor-widget-container\">\n\t\t\t\t\t\t\t<h2>Calidad y calidez: el coraz\u00f3n de Aloha Alicante<\/h2>\t\t\t\t\t\t<\/div>\n\t\t\t\t<\/div>\n\t\t\t\t<div class=\"elementor-element elementor-element-36a4a1a elementor-widget elementor-widget-text-editor\" data-id=\"36a4a1a\" data-element_type=\"widget\" data-widget_type=\"text-editor.default\">\n\t\t\t\t<div class=\"elementor-widget-container\">\n\t\t\t\t\t\t\t<p>Dramatic window views with sweeping views of the city, Empire State Building, rivers, huge ceilings, custom solar and blackout shades, warm hardwood oak floors, unparalleled lifestyle concierge.<\/p><p>You can rent the entire Aquentro apartment or any unit like a studio, multiple-bedroom apartments &#8211; any unit you can find on our website. Reach out and a member of our team will help you get started.<\/p>\t\t\t\t\t\t<\/div>\n\t\t\t\t<\/div>\n\t\t\t\t\t<\/div>\n\t\t<\/div>\n\t\t\t\t\t\t\t<\/div>\n\t\t<\/section>\n\t\t\t\t\t\t\t<\/div>\n\t\t","protected":false},"excerpt":{"rendered":"<p>Dar la bienvenida a cada visitante que visita nuestra ciudad, nuestra provincia, es el esp\u00edritu de Aloha Alicante. Recogemos la tradici\u00f3n tur\u00edstica de nuestra provincia y la adaptamos a los nuevos tiempos, ofreciendo apartamentos vacacionales para que tus estancias la ciudad y alrededores sea casi, casi, como estar en casa. Hemos nacido en &#8220;La Millor &hellip; <a href=\"https:\/\/dev.alohaalicante.es\/?page_id=166\" class=\"more-link\">Continue reading<span class=\"screen-reader-text\"> &#8220;Aloha Alicante&#8221;<\/span><\/a><\/p>\n","protected":false},"author":1,"featured_media":347,"parent":0,"menu_order":0,"comment_status":"closed","ping_status":"closed","template":"template-boxed-page.php","meta":{"inline_featured_image":false,"footnotes":""},"class_list":["post-166","page","type-page","status-publish","has-post-thumbnail","hentry"],"aioseo_notices":[],"_links":{"self":[{"href":"https:\/\/dev.alohaalicante.es\/index.php?rest_route=\/wp\/v2\/pages\/166","targetHints":{"allow":["GET"]}}],"collection":[{"href":"https:\/\/dev.alohaalicante.es\/index.php?rest_route=\/wp\/v2\/pages"}],"about":[{"href":"https:\/\/dev.alohaalicante.es\/index.php?rest_route=\/wp\/v2\/types\/page"}],"author":[{"embeddable":true,"href":"https:\/\/dev.alohaalicante.es\/index.php?rest_route=\/wp\/v2\/users\/1"}],"replies":[{"embeddable":true,"href":"https:\/\/dev.alohaalicante.es\/index.php?rest_route=%2Fwp%2Fv2%2Fcomments&post=166"}],"version-history":[{"count":10,"href":"https:\/\/dev.alohaalicante.es\/index.php?rest_route=\/wp\/v2\/pages\/166\/revisions"}],"predecessor-version":[{"id":574,"href":"https:\/\/dev.alohaalicante.es\/index.php?rest_route=\/wp\/v2\/pages\/166\/revisions\/574"}],"wp:featuredmedia":[{"embeddable":true,"href":"https:\/\/dev.alohaalicante.es\/index.php?rest_route=\/wp\/v2\/media\/347"}],"wp:attachment":[{"href":"https:\/\/dev.alohaalicante.es\/index.php?rest_route=%2Fwp%2Fv2%2Fmedia&parent=166"}],"curies":[{"name":"wp","href":"https:\/\/api.w.org\/{rel}","templated":true}]}}