{"id":584,"date":"2022-08-19T10:43:18","date_gmt":"2022-08-19T10:43:18","guid":{"rendered":"https:\/\/dev.alohaalicante.es\/?page_id=584"},"modified":"2022-08-19T11:24:10","modified_gmt":"2022-08-19T11:24:10","slug":"apartamentos-aloha-mini","status":"publish","type":"page","link":"https:\/\/dev.alohaalicante.es\/?page_id=584","title":{"rendered":"Apartamentos Aloha Mini"},"content":{"rendered":"\n<p><\/p>\n\n\n<div class=\"mphb_sc_rooms-wrapper mphb-room-types \">\n<div class=\"mphb-room-type post-356 mphb_room_type type-mphb_room_type status-publish has-post-thumbnail mphb_room_type_category-aloha-alicante-mini mphb_room_type_facility-aire-acondicionado mphb_room_type_facility-ducha mphb_room_type_facility-cocina-completa mphb_room_type_facility-wi-fi mphb_room_type_facility-plancha mphb_room_type_facility-television mphb-room-type-adults-2 mphb-room-type-children-0 \">\n\n\t\n\t\n\n\t<div class=\"mphb-room-type-images\">\n\t<div id='mphb-flexslider-gallery-1' class='gallery-columns-1 gallery-size-aquentro-thumb-medium mphb-gallery-main-slider mphb-flexslider-gallery-wrapper mphb-room-type-gallery-wrapper mphb-gallery-main-slider-69eca95813cef' data-flexslider-atts='{\"animation\":\"slide\",\"controlNav\":false,\"animationLoop\":true,\"smoothHeight\":true,\"slideshow\":false}' data-group='69eca95813cef'><ul class=\"slides\"><li class='gallery-item'><span class='gallery-icon landscape'>\n\t\t\t\t<a href=\"https:\/\/dev.alohaalicante.es\/?mphb_room_type=apartamento-akra\"><img fetchpriority=\"high\" decoding=\"async\" width=\"840\" height=\"466\" src=\"https:\/\/dev.alohaalicante.es\/wp-content\/uploads\/2022\/08\/Akra_salon-840x466.jpeg\" class=\"attachment-aquentro-thumb-medium size-aquentro-thumb-medium\" alt=\"\" loading=\"eager\" \/><\/a>\n\t\t\t<\/span><\/li><li class='gallery-item'><span class='gallery-icon landscape'>\n\t\t\t\t<a href=\"https:\/\/dev.alohaalicante.es\/?mphb_room_type=apartamento-akra\"><img decoding=\"async\" width=\"840\" height=\"466\" src=\"https:\/\/dev.alohaalicante.es\/wp-content\/uploads\/2022\/08\/Akra_cama-lateral-840x466.jpeg\" class=\"attachment-aquentro-thumb-medium size-aquentro-thumb-medium\" alt=\"\" loading=\"eager\" \/><\/a>\n\t\t\t<\/span><\/li><li class='gallery-item'><span class='gallery-icon landscape'>\n\t\t\t\t<a href=\"https:\/\/dev.alohaalicante.es\/?mphb_room_type=apartamento-akra\"><img decoding=\"async\" width=\"840\" height=\"466\" src=\"https:\/\/dev.alohaalicante.es\/wp-content\/uploads\/2022\/08\/Akra_panoramica-840x466.jpeg\" class=\"attachment-aquentro-thumb-medium size-aquentro-thumb-medium\" alt=\"\" loading=\"eager\" \/><\/a>\n\t\t\t<\/span><\/li><li class='gallery-item'><span class='gallery-icon landscape'>\n\t\t\t\t<a href=\"https:\/\/dev.alohaalicante.es\/?mphb_room_type=apartamento-akra\"><img decoding=\"async\" width=\"840\" height=\"466\" src=\"https:\/\/dev.alohaalicante.es\/wp-content\/uploads\/2022\/08\/Akra_cocina_detalle-840x466.jpeg\" class=\"attachment-aquentro-thumb-medium size-aquentro-thumb-medium\" alt=\"\" loading=\"eager\" \/><\/a>\n\t\t\t<\/span><\/li><li class='gallery-item'><span class='gallery-icon portrait'>\n\t\t\t\t<a href=\"https:\/\/dev.alohaalicante.es\/?mphb_room_type=apartamento-akra\"><img decoding=\"async\" width=\"840\" height=\"466\" src=\"https:\/\/dev.alohaalicante.es\/wp-content\/uploads\/2022\/08\/Akra_aseo_lavabo-840x466.jpeg\" class=\"attachment-aquentro-thumb-medium size-aquentro-thumb-medium\" alt=\"\" loading=\"eager\" \/><\/a>\n\t\t\t<\/span><\/li><\/ul>\n\t\t<\/div>\n<div id='mphb-flexslider-gallery-2' class='gallery-columns-5 gallery-size-thumbnail mphb-gallery-thumbnail-slider mphb-flexslider-gallery-wrapper mphb-room-type-gallery-wrapper mphb-gallery-thumbnail-slider-69eca95813cef' data-flexslider-atts='{\"animation\":\"slide\",\"controlNav\":false,\"animationLoop\":true,\"slideshow\":false,\"itemMargin\":5}' data-group='69eca95813cef'><ul class=\"slides\"><li class='gallery-item'><span class='gallery-icon landscape'>\n\t\t\t\t<a href='https:\/\/dev.alohaalicante.es\/?attachment_id=441'><img decoding=\"async\" width=\"150\" height=\"150\" src=\"https:\/\/dev.alohaalicante.es\/wp-content\/uploads\/2022\/08\/Akra_salon-150x150.jpeg\" class=\"attachment-thumbnail size-thumbnail\" alt=\"\" loading=\"eager\" \/><\/a>\n\t\t\t<\/span><\/li><li class='gallery-item'><span class='gallery-icon landscape'>\n\t\t\t\t<a href='https:\/\/dev.alohaalicante.es\/?attachment_id=439'><img decoding=\"async\" width=\"150\" height=\"150\" src=\"https:\/\/dev.alohaalicante.es\/wp-content\/uploads\/2022\/08\/Akra_cama-lateral-150x150.jpeg\" class=\"attachment-thumbnail size-thumbnail\" alt=\"\" loading=\"eager\" \/><\/a>\n\t\t\t<\/span><\/li><li class='gallery-item'><span class='gallery-icon landscape'>\n\t\t\t\t<a href='https:\/\/dev.alohaalicante.es\/?attachment_id=438'><img decoding=\"async\" width=\"150\" height=\"150\" src=\"https:\/\/dev.alohaalicante.es\/wp-content\/uploads\/2022\/08\/Akra_panoramica-150x150.jpeg\" class=\"attachment-thumbnail size-thumbnail\" alt=\"\" loading=\"eager\" \/><\/a>\n\t\t\t<\/span><\/li><li class='gallery-item'><span class='gallery-icon landscape'>\n\t\t\t\t<a href='https:\/\/dev.alohaalicante.es\/?attachment_id=437'><img decoding=\"async\" width=\"150\" height=\"150\" src=\"https:\/\/dev.alohaalicante.es\/wp-content\/uploads\/2022\/08\/Akra_cocina_detalle-150x150.jpeg\" class=\"attachment-thumbnail size-thumbnail\" alt=\"\" loading=\"eager\" \/><\/a>\n\t\t\t<\/span><\/li><li class='gallery-item'><span class='gallery-icon portrait'>\n\t\t\t\t<a href='https:\/\/dev.alohaalicante.es\/?attachment_id=445'><img decoding=\"async\" width=\"150\" height=\"150\" src=\"https:\/\/dev.alohaalicante.es\/wp-content\/uploads\/2022\/08\/Akra_aseo_lavabo-150x150.jpeg\" class=\"attachment-thumbnail size-thumbnail\" alt=\"\" loading=\"eager\" \/><\/a>\n\t\t\t<\/span><\/li><\/ul>\n\t\t<\/div>\n\n\t<\/div>\n\n<h2 class=\"mphb-room-type-title entry-title\">\n\n<a class=\"mphb-room-type-title\" href=\"https:\/\/dev.alohaalicante.es\/?mphb_room_type=apartamento-akra\">Apartamento Akra<\/a>\n\n<\/h2>\n\n<p>Disfruta de la luz del Mediterr\u00e1neo con Aloha Alicante. Akra, un precioso estudio totalmente equipado, tiene las puertas abiertas para recibirte en tu pr\u00f3xima estancia en Alicante. El apartamento Akra se encuentra en la zona de la Albufereta de Alicante, una zona conocida por veraneantes que buscan playas peque\u00f1as cerca de la ciudad; en solo &hellip; <a href=\"https:\/\/dev.alohaalicante.es\/?mphb_room_type=apartamento-akra\" class=\"more-link\">Continue reading<span class=\"screen-reader-text\"> &#8220;Apartamento Akra&#8221;<\/span><\/a><\/p>\n\n\n<h3 class=\"mphb-room-type-details-title\">Detalles<\/h3><ul class=\"mphb-loop-room-type-attributes\">\n    <li class=\"mphb-room-type-total-capacity\"><span class=\"mphb-attribute-title mphb-total-capacity-title\">Hu\u00e9spedes:<\/span><span class=\"mphb-attribute-value\">\n    2\n    <\/span><\/li>\n\n\n\n\t<li class=\"mphb-room-type-facilities\"><span class=\"mphb-attribute-title mphb-facilities-title\">Servicios<\/span><span class=\"mphb-attribute-value\"> <span class=\"facility-aire-acondicionado\"><a href=\"https:\/\/dev.alohaalicante.es\/?mphb_room_type_facility=aire-acondicionado\">Aire acondicionado<\/a><\/span>, <span class=\"facility-ducha\"><a href=\"https:\/\/dev.alohaalicante.es\/?mphb_room_type_facility=ducha\">Ba\u00f1o con ducha<\/a><\/span>, <span class=\"facility-cocina-completa\"><a href=\"https:\/\/dev.alohaalicante.es\/?mphb_room_type_facility=cocina-completa\">Cocina completa<\/a><\/span>, <span class=\"facility-wi-fi\"><a href=\"https:\/\/dev.alohaalicante.es\/?mphb_room_type_facility=wi-fi\">Conexi\u00f3n wi-fi<\/a><\/span>, <span class=\"facility-plancha\"><a href=\"https:\/\/dev.alohaalicante.es\/?mphb_room_type_facility=plancha\">Plancha<\/a><\/span>, <span class=\"facility-television\"><a href=\"https:\/\/dev.alohaalicante.es\/?mphb_room_type_facility=television\">Televisi\u00f3n de 55&#8243;<\/a><\/span><\/span><\/li>\n\n\n\n\t<li class=\"mphb-room-type-view\"><span class=\"mphb-attribute-title mphb-view-title\">Vista:<\/span><span class=\"mphb-attribute-value\">\n\tA 10 minutos de la Playa de la Almadraba\n\t<\/span><\/li>\n\n\n\n\t<li class=\"mphb-room-type-size\"><span class=\"mphb-attribute-title mphb-size-title\">Tama\u00f1o:<\/span><span class=\"mphb-attribute-value\">\n\t40m\u00b2\n\t<\/span><\/li>\n\n\n\n\n\t<li class=\"mphb-room-type-categories\"><span class=\"mphb-attribute-title mphb-categories-title\">Categor\u00edas:<\/span><span class=\"mphb-attribute-value\"> <span class=\"category-aloha-alicante-mini\"><a href=\"https:\/\/dev.alohaalicante.es\/?mphb_room_type_category=aloha-alicante-mini\">Mini<\/a><\/span><\/span><\/li>\n\n<\/ul>\n\n<p class=\"mphb-view-details-button-wrapper\">\n<a class=\"button mphb-view-details-button\" href=\"https:\/\/dev.alohaalicante.es\/?mphb_room_type=apartamento-akra\" >Ver detalles<\/a>\n<\/p>\n<div class=\"mphb-to-book-btn-wrapper\">\n<form action=\"https:\/\/dev.alohaalicante.es\/?mphb_room_type=apartamento-akra#booking-form-356\" method=\"get\" ><input type=\"hidden\" name=\"mphb_room_type\" value=\"apartamento-akra\" \/><button type=\"submit\" class=\"button mphb-book-button\" >Hacer reserva<\/button><\/form>\n<br\/><\/div>\n\t\n<\/div>\n\n\n<div class=\"mphb-room-type post-448 mphb_room_type type-mphb_room_type status-publish has-post-thumbnail mphb_room_type_category-aloha-alicante-mini mphb_room_type_facility-aire-acondicionado mphb_room_type_facility-ducha mphb_room_type_facility-cocina-completa mphb_room_type_facility-wi-fi mphb_room_type_facility-plancha mphb_room_type_facility-television mphb-room-type-adults-2 mphb-room-type-children-0 \">\n\n\t\n\t\n\n\t<div class=\"mphb-room-type-images\">\n\t<div id='mphb-flexslider-gallery-3' class='gallery-columns-1 gallery-size-aquentro-thumb-medium mphb-gallery-main-slider mphb-flexslider-gallery-wrapper mphb-room-type-gallery-wrapper mphb-gallery-main-slider-69eca958168d1' data-flexslider-atts='{\"animation\":\"slide\",\"controlNav\":false,\"animationLoop\":true,\"smoothHeight\":true,\"slideshow\":false}' data-group='69eca958168d1'><ul class=\"slides\"><li class='gallery-item'><span class='gallery-icon landscape'>\n\t\t\t\t<a href=\"https:\/\/dev.alohaalicante.es\/?mphb_room_type=apartamento-leuka\"><img decoding=\"async\" width=\"840\" height=\"458\" src=\"https:\/\/dev.alohaalicante.es\/wp-content\/uploads\/2022\/08\/Aloha_piso-amarillo-1-840x458.jpeg\" class=\"attachment-aquentro-thumb-medium size-aquentro-thumb-medium\" alt=\"\" loading=\"eager\" \/><\/a>\n\t\t\t<\/span><\/li><li class='gallery-item'><span class='gallery-icon landscape'>\n\t\t\t\t<a href=\"https:\/\/dev.alohaalicante.es\/?mphb_room_type=apartamento-leuka\"><img decoding=\"async\" width=\"840\" height=\"466\" src=\"https:\/\/dev.alohaalicante.es\/wp-content\/uploads\/2022\/08\/Aloha_piso-amarillo-2-840x466.jpeg\" class=\"attachment-aquentro-thumb-medium size-aquentro-thumb-medium\" alt=\"\" loading=\"eager\" \/><\/a>\n\t\t\t<\/span><\/li><li class='gallery-item'><span class='gallery-icon landscape'>\n\t\t\t\t<a href=\"https:\/\/dev.alohaalicante.es\/?mphb_room_type=apartamento-leuka\"><img decoding=\"async\" width=\"840\" height=\"466\" src=\"https:\/\/dev.alohaalicante.es\/wp-content\/uploads\/2022\/08\/Aloha_piso-amarillo-5-840x466.jpeg\" class=\"attachment-aquentro-thumb-medium size-aquentro-thumb-medium\" alt=\"\" loading=\"eager\" \/><\/a>\n\t\t\t<\/span><\/li><li class='gallery-item'><span class='gallery-icon landscape'>\n\t\t\t\t<a href=\"https:\/\/dev.alohaalicante.es\/?mphb_room_type=apartamento-leuka\"><img decoding=\"async\" width=\"840\" height=\"466\" src=\"https:\/\/dev.alohaalicante.es\/wp-content\/uploads\/2022\/08\/Aloha_piso-amarillo-11-840x466.jpeg\" class=\"attachment-aquentro-thumb-medium size-aquentro-thumb-medium\" alt=\"\" loading=\"eager\" \/><\/a>\n\t\t\t<\/span><\/li><li class='gallery-item'><span class='gallery-icon portrait'>\n\t\t\t\t<a href=\"https:\/\/dev.alohaalicante.es\/?mphb_room_type=apartamento-leuka\"><img decoding=\"async\" width=\"648\" height=\"466\" src=\"https:\/\/dev.alohaalicante.es\/wp-content\/uploads\/2022\/08\/Aloha_piso-amarillo-13-648x466.jpeg\" class=\"attachment-aquentro-thumb-medium size-aquentro-thumb-medium\" alt=\"\" loading=\"eager\" \/><\/a>\n\t\t\t<\/span><\/li><\/ul>\n\t\t<\/div>\n<div id='mphb-flexslider-gallery-4' class='gallery-columns-5 gallery-size-thumbnail mphb-gallery-thumbnail-slider mphb-flexslider-gallery-wrapper mphb-room-type-gallery-wrapper mphb-gallery-thumbnail-slider-69eca958168d1' data-flexslider-atts='{\"animation\":\"slide\",\"controlNav\":false,\"animationLoop\":true,\"slideshow\":false,\"itemMargin\":5}' data-group='69eca958168d1'><ul class=\"slides\"><li class='gallery-item'><span class='gallery-icon landscape'>\n\t\t\t\t<a href='https:\/\/dev.alohaalicante.es\/?attachment_id=452'><img decoding=\"async\" width=\"150\" height=\"150\" src=\"https:\/\/dev.alohaalicante.es\/wp-content\/uploads\/2022\/08\/Aloha_piso-amarillo-1-150x150.jpeg\" class=\"attachment-thumbnail size-thumbnail\" alt=\"\" loading=\"eager\" \/><\/a>\n\t\t\t<\/span><\/li><li class='gallery-item'><span class='gallery-icon landscape'>\n\t\t\t\t<a href='https:\/\/dev.alohaalicante.es\/?attachment_id=453'><img decoding=\"async\" width=\"150\" height=\"150\" src=\"https:\/\/dev.alohaalicante.es\/wp-content\/uploads\/2022\/08\/Aloha_piso-amarillo-2-150x150.jpeg\" class=\"attachment-thumbnail size-thumbnail\" alt=\"\" loading=\"eager\" \/><\/a>\n\t\t\t<\/span><\/li><li class='gallery-item'><span class='gallery-icon landscape'>\n\t\t\t\t<a href='https:\/\/dev.alohaalicante.es\/?attachment_id=456'><img decoding=\"async\" width=\"150\" height=\"150\" src=\"https:\/\/dev.alohaalicante.es\/wp-content\/uploads\/2022\/08\/Aloha_piso-amarillo-5-150x150.jpeg\" class=\"attachment-thumbnail size-thumbnail\" alt=\"\" loading=\"eager\" \/><\/a>\n\t\t\t<\/span><\/li><li class='gallery-item'><span class='gallery-icon landscape'>\n\t\t\t\t<a href='https:\/\/dev.alohaalicante.es\/?attachment_id=449'><img decoding=\"async\" width=\"150\" height=\"150\" src=\"https:\/\/dev.alohaalicante.es\/wp-content\/uploads\/2022\/08\/Aloha_piso-amarillo-11-150x150.jpeg\" class=\"attachment-thumbnail size-thumbnail\" alt=\"\" loading=\"eager\" \/><\/a>\n\t\t\t<\/span><\/li><li class='gallery-item'><span class='gallery-icon portrait'>\n\t\t\t\t<a href='https:\/\/dev.alohaalicante.es\/?attachment_id=451'><img decoding=\"async\" width=\"150\" height=\"150\" src=\"https:\/\/dev.alohaalicante.es\/wp-content\/uploads\/2022\/08\/Aloha_piso-amarillo-13-150x150.jpeg\" class=\"attachment-thumbnail size-thumbnail\" alt=\"\" loading=\"eager\" \/><\/a>\n\t\t\t<\/span><\/li><\/ul>\n\t\t<\/div>\n\n\t<\/div>\n\n<h2 class=\"mphb-room-type-title entry-title\">\n\n<a class=\"mphb-room-type-title\" href=\"https:\/\/dev.alohaalicante.es\/?mphb_room_type=apartamento-leuka\">Apartamento Leuka<\/a>\n\n<\/h2>\n\n<p>Vive experiencias con Aloha Alicante. Leuka es un completo estudio de 40 metros cuadrados que est\u00e1 esperando recibirte en tu pr\u00f3xima visita a la ciudad de Alicante. El apartamento Leuka se encuentra cerca del antiguo puerto romano de Lucentum, entre las playas de La Albufereta y La Almadraba, de las que podr\u00e1s disfrutar en cualquier &hellip; <a href=\"https:\/\/dev.alohaalicante.es\/?mphb_room_type=apartamento-leuka\" class=\"more-link\">Continue reading<span class=\"screen-reader-text\"> &#8220;Apartamento Leuka&#8221;<\/span><\/a><\/p>\n\n\n<h3 class=\"mphb-room-type-details-title\">Detalles<\/h3><ul class=\"mphb-loop-room-type-attributes\">\n    <li class=\"mphb-room-type-total-capacity\"><span class=\"mphb-attribute-title mphb-total-capacity-title\">Hu\u00e9spedes:<\/span><span class=\"mphb-attribute-value\">\n    2\n    <\/span><\/li>\n\n\n\n\t<li class=\"mphb-room-type-facilities\"><span class=\"mphb-attribute-title mphb-facilities-title\">Servicios<\/span><span class=\"mphb-attribute-value\"> <span class=\"facility-aire-acondicionado\"><a href=\"https:\/\/dev.alohaalicante.es\/?mphb_room_type_facility=aire-acondicionado\">Aire acondicionado<\/a><\/span>, <span class=\"facility-ducha\"><a href=\"https:\/\/dev.alohaalicante.es\/?mphb_room_type_facility=ducha\">Ba\u00f1o con ducha<\/a><\/span>, <span class=\"facility-cocina-completa\"><a href=\"https:\/\/dev.alohaalicante.es\/?mphb_room_type_facility=cocina-completa\">Cocina completa<\/a><\/span>, <span class=\"facility-wi-fi\"><a href=\"https:\/\/dev.alohaalicante.es\/?mphb_room_type_facility=wi-fi\">Conexi\u00f3n wi-fi<\/a><\/span>, <span class=\"facility-plancha\"><a href=\"https:\/\/dev.alohaalicante.es\/?mphb_room_type_facility=plancha\">Plancha<\/a><\/span>, <span class=\"facility-television\"><a href=\"https:\/\/dev.alohaalicante.es\/?mphb_room_type_facility=television\">Televisi\u00f3n de 55&#8243;<\/a><\/span><\/span><\/li>\n\n\n\n\t<li class=\"mphb-room-type-view\"><span class=\"mphb-attribute-title mphb-view-title\">Vista:<\/span><span class=\"mphb-attribute-value\">\n\tA 10 minutos de la Playa de la Almadraba; a 10 minutos de la Playa de la Albufereta\n\t<\/span><\/li>\n\n\n\n\t<li class=\"mphb-room-type-size\"><span class=\"mphb-attribute-title mphb-size-title\">Tama\u00f1o:<\/span><span class=\"mphb-attribute-value\">\n\t40m\u00b2\n\t<\/span><\/li>\n\n\n\n\n\t<li class=\"mphb-room-type-categories\"><span class=\"mphb-attribute-title mphb-categories-title\">Categor\u00edas:<\/span><span class=\"mphb-attribute-value\"> <span class=\"category-aloha-alicante-mini\"><a href=\"https:\/\/dev.alohaalicante.es\/?mphb_room_type_category=aloha-alicante-mini\">Mini<\/a><\/span><\/span><\/li>\n\n<\/ul>\n\n<p class=\"mphb-view-details-button-wrapper\">\n<a class=\"button mphb-view-details-button\" href=\"https:\/\/dev.alohaalicante.es\/?mphb_room_type=apartamento-leuka\" >Ver detalles<\/a>\n<\/p>\n<div class=\"mphb-to-book-btn-wrapper\">\n<form action=\"https:\/\/dev.alohaalicante.es\/?mphb_room_type=apartamento-leuka#booking-form-448\" method=\"get\" ><input type=\"hidden\" name=\"mphb_room_type\" value=\"apartamento-leuka\" \/><button type=\"submit\" class=\"button mphb-book-button\" >Hacer reserva<\/button><\/form>\n<br\/><\/div>\n\t\n<\/div>\n\n\n<div class=\"mphb-room-type post-621 mphb_room_type type-mphb_room_type status-publish mphb-room-type-adults-2 mphb-room-type-children-1 \">\n\n\t\n\t\n<h2 class=\"mphb-room-type-title entry-title\">\n\n<a class=\"mphb-room-type-title\" href=\"https:\/\/dev.alohaalicante.es\/?mphb_room_type=apartamentos-mini\">Apartamentos Mini<\/a>\n\n<\/h2>\n\n<p>Peque\u00f1os apartamentos y estudios para una escapada de fin de semana o estancias cortas. Los apartamentos Mini de Aloha Alicante son los alojamientos ideales para los hu\u00e9spedes din\u00e1micos y aventureros que aprovechan al m\u00e1ximo su tiempo fuera de casa.<\/p>\n\n\n<h3 class=\"mphb-room-type-details-title\">Detalles<\/h3><ul class=\"mphb-loop-room-type-attributes\">\n    <li class=\"mphb-room-type-total-capacity\"><span class=\"mphb-attribute-title mphb-total-capacity-title\">Hu\u00e9spedes:<\/span><span class=\"mphb-attribute-value\">\n    2\n    <\/span><\/li>\n\n\n\n\n\n\n\n\n\n\n<\/ul>\n\n<p class=\"mphb-view-details-button-wrapper\">\n<a class=\"button mphb-view-details-button\" href=\"https:\/\/dev.alohaalicante.es\/?mphb_room_type=apartamentos-mini\" >Ver detalles<\/a>\n<\/p>\n<div class=\"mphb-to-book-btn-wrapper\">\n<form action=\"https:\/\/dev.alohaalicante.es\/?mphb_room_type=apartamentos-mini#booking-form-621\" method=\"get\" ><input type=\"hidden\" name=\"mphb_room_type\" value=\"apartamentos-mini\" \/><button type=\"submit\" class=\"button mphb-book-button\" >Hacer reserva<\/button><\/form>\n<br\/><\/div>\n\t\n<\/div>\n\n\n<div class=\"mphb-room-type post-624 mphb_room_type type-mphb_room_type status-publish mphb-room-type-adults-4 mphb-room-type-children-4 \">\n\n\t\n\t\n<h2 class=\"mphb-room-type-title entry-title\">\n\n<a class=\"mphb-room-type-title\" href=\"https:\/\/dev.alohaalicante.es\/?mphb_room_type=apartamentos-select\">Apartamentos Select<\/a>\n\n<\/h2>\n\n<p>Los apartamentos Select by Aloha Alicante son la soluci\u00f3n perfecta para las vacaciones en familia. Pensados para hu\u00e9spedes que no renuncian a la comida del domingo en casa, los apartamentos Select cuentan con espacios completamente equipados y listos para alojar entre 4 y 8 personas.<\/p>\n\n\n<h3 class=\"mphb-room-type-details-title\">Detalles<\/h3><ul class=\"mphb-loop-room-type-attributes\">\n    <li class=\"mphb-room-type-total-capacity\"><span class=\"mphb-attribute-title mphb-total-capacity-title\">Hu\u00e9spedes:<\/span><span class=\"mphb-attribute-value\">\n    6\n    <\/span><\/li>\n\n\n\n\n\n\n\n\n\n\n<\/ul>\n\n<p class=\"mphb-view-details-button-wrapper\">\n<a class=\"button mphb-view-details-button\" href=\"https:\/\/dev.alohaalicante.es\/?mphb_room_type=apartamentos-select\" >Ver detalles<\/a>\n<\/p>\n<div class=\"mphb-to-book-btn-wrapper\">\n<form action=\"https:\/\/dev.alohaalicante.es\/?mphb_room_type=apartamentos-select#booking-form-624\" method=\"get\" ><input type=\"hidden\" name=\"mphb_room_type\" value=\"apartamentos-select\" \/><button type=\"submit\" class=\"button mphb-book-button\" >Hacer reserva<\/button><\/form>\n<br\/><\/div>\n\t\n<\/div>\n\n\n<div class=\"mphb-room-type post-626 mphb_room_type type-mphb_room_type status-publish mphb-room-type-adults-2 mphb-room-type-children-2 \">\n\n\t\n\t\n<h2 class=\"mphb-room-type-title entry-title\">\n\n<a class=\"mphb-room-type-title\" href=\"https:\/\/dev.alohaalicante.es\/?mphb_room_type=apartamentos-elite\">Apartamentos Elite<\/a>\n\n<\/h2>\n\n<p>Apartamentos de calidad para los hu\u00e9spedes m\u00e1s exigentes. Elige un apartamento de lujo con la Aloha Apartamentos Elite. Perfecto para unas vacaciones diferentes, ideales para una experiencia \u00fanica.<\/p>\n\n\n<h3 class=\"mphb-room-type-details-title\">Detalles<\/h3><ul class=\"mphb-loop-room-type-attributes\">\n    <li class=\"mphb-room-type-total-capacity\"><span class=\"mphb-attribute-title mphb-total-capacity-title\">Hu\u00e9spedes:<\/span><span class=\"mphb-attribute-value\">\n    4\n    <\/span><\/li>\n\n\n\n\n\n\n\n\n\n\n<\/ul>\n\n<p class=\"mphb-view-details-button-wrapper\">\n<a class=\"button mphb-view-details-button\" href=\"https:\/\/dev.alohaalicante.es\/?mphb_room_type=apartamentos-elite\" >Ver detalles<\/a>\n<\/p>\n<div class=\"mphb-to-book-btn-wrapper\">\n<form action=\"https:\/\/dev.alohaalicante.es\/?mphb_room_type=apartamentos-elite#booking-form-626\" method=\"get\" ><input type=\"hidden\" name=\"mphb_room_type\" value=\"apartamentos-elite\" \/><button type=\"submit\" class=\"button mphb-book-button\" >Hacer reserva<\/button><\/form>\n<br\/><\/div>\n\t\n<\/div>\n\n<\/div>","protected":false},"excerpt":{"rendered":"","protected":false},"author":1,"featured_media":0,"parent":0,"menu_order":0,"comment_status":"closed","ping_status":"closed","template":"template-full-width-grid-page.php","meta":{"inline_featured_image":false,"footnotes":""},"class_list":["post-584","page","type-page","status-publish","hentry"],"aioseo_notices":[],"_links":{"self":[{"href":"https:\/\/dev.alohaalicante.es\/index.php?rest_route=\/wp\/v2\/pages\/584","targetHints":{"allow":["GET"]}}],"collection":[{"href":"https:\/\/dev.alohaalicante.es\/index.php?rest_route=\/wp\/v2\/pages"}],"about":[{"href":"https:\/\/dev.alohaalicante.es\/index.php?rest_route=\/wp\/v2\/types\/page"}],"author":[{"embeddable":true,"href":"https:\/\/dev.alohaalicante.es\/index.php?rest_route=\/wp\/v2\/users\/1"}],"replies":[{"embeddable":true,"href":"https:\/\/dev.alohaalicante.es\/index.php?rest_route=%2Fwp%2Fv2%2Fcomments&post=584"}],"version-history":[{"count":5,"href":"https:\/\/dev.alohaalicante.es\/index.php?rest_route=\/wp\/v2\/pages\/584\/revisions"}],"predecessor-version":[{"id":615,"href":"https:\/\/dev.alohaalicante.es\/index.php?rest_route=\/wp\/v2\/pages\/584\/revisions\/615"}],"wp:attachment":[{"href":"https:\/\/dev.alohaalicante.es\/index.php?rest_route=%2Fwp%2Fv2%2Fmedia&parent=584"}],"curies":[{"name":"wp","href":"https:\/\/api.w.org\/{rel}","templated":true}]}}